{"id":210,"date":"2024-12-12T14:51:56","date_gmt":"2024-12-12T14:51:56","guid":{"rendered":"https:\/\/laserandstop.com\/privacy-policy\/"},"modified":"2024-12-12T16:44:56","modified_gmt":"2024-12-12T16:44:56","slug":"politique-de-confidentialite","status":"publish","type":"page","link":"https:\/\/laserandstop.com\/fr\/politique-de-confidentialite\/","title":{"rendered":"Politique de confidentialit\u00e9"},"content":{"rendered":"<div data-elementor-type=\"wp-page\" data-elementor-id=\"210\" class=\"elementor elementor-210\">\n\t\t\t\t<div class=\"elementor-element elementor-element-xs2nsqw9 twbb_section e-con-full e-flex e-con e-parent\" data-id=\"xs2nsqw9\" data-element_type=\"container\" data-e-type=\"container\">\n\t\t\t\t<div class=\"elementor-element elementor-element-b142s9ib elementor-widget__width-initial elementor-widget-mobile__width-inherit elementor-widget-tablet__width-initial elementor-invisible elementor-widget elementor-widget-heading\" data-id=\"b142s9ib\" data-element_type=\"widget\" data-e-type=\"widget\" data-settings=\"{&quot;_animation&quot;:&quot;fadeInUp&quot;}\" data-widget_type=\"heading.default\">\n\t\t\t\t<div class=\"elementor-widget-container\">\n\t\t\t\t\t<h1 class=\"elementor-heading-title elementor-size-default\">Politique de confidentialit\u00e9<\/h1>\t\t\t\t<\/div>\n\t\t\t\t<\/div>\n\t\t\t\t<\/div>\n\t\t<div class=\"elementor-element elementor-element-v75a0e3h twbb_section e-flex e-con-boxed e-con e-parent\" data-id=\"v75a0e3h\" data-element_type=\"container\" data-e-type=\"container\">\n\t\t\t\t\t<div class=\"e-con-inner\">\n\t\t\t\t<div class=\"elementor-element elementor-element-a9pldryw elementor-widget__width-initial elementor-widget-mobile__width-inherit elementor-widget-tablet__width-initial elementor-invisible elementor-widget elementor-widget-text-editor\" data-id=\"a9pldryw\" data-element_type=\"widget\" data-e-type=\"widget\" data-settings=\"{&quot;_animation&quot;:&quot;fadeInUp&quot;}\" data-widget_type=\"text-editor.default\">\n\t\t\t\t<div class=\"elementor-widget-container\">\n\t\t\t\t\t\t\t\t\t<p>Chez Laser &amp; Stop, nous accordons une grande importance \u00e0 la protection de votre vie priv\u00e9e. La pr\u00e9sente politique de confidentialit\u00e9 d\u00e9crit la mani\u00e8re dont nous recueillons, utilisons et prot\u00e9geons vos informations personnelles.<\/p><p><strong>1. Les informations que nous recueillons :<\/strong> Nous pouvons recueillir des informations personnelles telles que votre nom, vos coordonn\u00e9es et des informations sur votre sant\u00e9 lorsque vous prenez rendez-vous ou utilisez nos services.<\/p><p><strong>2. Utilisation des informations :<\/strong> Les informations que nous recueillons sont utilis\u00e9es pour fournir et am\u00e9liorer nos services, communiquer avec vous et assurer votre s\u00e9curit\u00e9 et votre bien-\u00eatre pendant le traitement.<\/p><p><strong>3. Protection des donn\u00e9es :<\/strong> Nous mettons en \u0153uvre des mesures de s\u00e9curit\u00e9 appropri\u00e9es pour prot\u00e9ger vos informations personnelles contre tout acc\u00e8s, modification, divulgation ou destruction non autoris\u00e9s.<\/p><p><strong>4. Partage d'informations :<\/strong> Nous ne vendons ni ne louons vos informations personnelles \u00e0 des tiers. Nous pouvons partager vos informations avec des partenaires de confiance qui nous aident \u00e0 exploiter notre site web et \u00e0 fournir nos services, \u00e0 condition que ces parties acceptent de garder ces informations confidentielles.<\/p><p><strong>5. Vos droits :<\/strong> Vous avez le droit de demander l'acc\u00e8s aux informations personnelles que nous d\u00e9tenons \u00e0 votre sujet, de demander des corrections et de demander la suppression de vos informations personnelles, sous r\u00e9serve de certaines exceptions.<\/p><p><strong>6. Modifications de la pr\u00e9sente politique :<\/strong> Nous pouvons mettre \u00e0 jour la pr\u00e9sente politique de confidentialit\u00e9 de temps \u00e0 autre. Toute modification sera publi\u00e9e sur cette page, et le fait de continuer \u00e0 utiliser nos services apr\u00e8s de telles modifications constitue une acceptation de la nouvelle politique.<\/p><p>Si vous avez des questions concernant cette politique de confidentialit\u00e9, veuillez nous contacter.<\/p>\t\t\t\t\t\t\t\t<\/div>\n\t\t\t\t<\/div>\n\t\t\t\t\t<\/div>\n\t\t\t\t<\/div>\n\t\t\t\t<\/div>","protected":false},"excerpt":{"rendered":"<p>Privacy Policy Your privacy is important to us at Laser &#038; Stop. This Privacy Policy outlines how we collect, use, and protect your personal information. 1. Information We Collect: We may collect personal information such as your name, contact details, and health information when you schedule an appointment or use our services. 2. Use of [&hellip;]<\/p>\n","protected":false},"author":0,"featured_media":0,"parent":0,"menu_order":0,"comment_status":"closed","ping_status":"publish","template":"","meta":{"two_page_speed":[],"footnotes":""},"class_list":["post-210","page","type-page","status-publish","hentry"],"_links":{"self":[{"href":"https:\/\/laserandstop.com\/fr\/wp-json\/wp\/v2\/pages\/210","targetHints":{"allow":["GET"]}}],"collection":[{"href":"https:\/\/laserandstop.com\/fr\/wp-json\/wp\/v2\/pages"}],"about":[{"href":"https:\/\/laserandstop.com\/fr\/wp-json\/wp\/v2\/types\/page"}],"replies":[{"embeddable":true,"href":"https:\/\/laserandstop.com\/fr\/wp-json\/wp\/v2\/comments?post=210"}],"version-history":[{"count":0,"href":"https:\/\/laserandstop.com\/fr\/wp-json\/wp\/v2\/pages\/210\/revisions"}],"wp:attachment":[{"href":"https:\/\/laserandstop.com\/fr\/wp-json\/wp\/v2\/media?parent=210"}],"curies":[{"name":"wp","href":"https:\/\/api.w.org\/{rel}","templated":true}]}}