{"id":204,"date":"2024-12-12T14:51:56","date_gmt":"2024-12-12T14:51:56","guid":{"rendered":"https:\/\/laserandstop.com\/our-services\/"},"modified":"2025-05-12T16:02:23","modified_gmt":"2025-05-12T16:02:23","slug":"nos-services","status":"publish","type":"page","link":"https:\/\/laserandstop.com\/fr\/nos-services\/","title":{"rendered":"Nos services"},"content":{"rendered":"<div data-elementor-type=\"wp-page\" data-elementor-id=\"204\" class=\"elementor elementor-204\">\n\t\t\t\t<div class=\"elementor-element elementor-element-dfa11c3t twbb_section e-con-full e-flex e-con e-parent\" data-id=\"dfa11c3t\" data-element_type=\"container\" data-e-type=\"container\" id=\"our-services-overview\">\n\t\t<div class=\"elementor-element elementor-element-gw6ipnan e-flex e-con-boxed e-con e-child\" data-id=\"gw6ipnan\" data-element_type=\"container\" data-e-type=\"container\">\n\t\t\t\t\t<div class=\"e-con-inner\">\n\t\t<div class=\"elementor-element elementor-element-6zszolm0 e-con-full e-flex e-con e-child\" data-id=\"6zszolm0\" data-element_type=\"container\" data-e-type=\"container\">\n\t\t\t\t<div class=\"elementor-element elementor-element-wly7ll42 elementor-widget__width-initial elementor-widget-mobile__width-inherit elementor-widget-tablet__width-initial elementor-invisible elementor-widget elementor-widget-heading\" data-id=\"wly7ll42\" data-element_type=\"widget\" data-e-type=\"widget\" data-settings=\"{&quot;_animation&quot;:&quot;fadeInUp&quot;}\" data-widget_type=\"heading.default\">\n\t\t\t\t<div class=\"elementor-widget-container\">\n\t\t\t\t\t<h3 class=\"elementor-heading-title elementor-size-default\">Transformez votre vie avec le Laser LLLT<\/h3>\t\t\t\t<\/div>\n\t\t\t\t<\/div>\n\t\t\t\t<div class=\"elementor-element elementor-element-abj4a29y elementor-widget__width-initial elementor-widget-mobile__width-inherit elementor-widget-tablet__width-initial elementor-invisible elementor-widget elementor-widget-text-editor\" data-id=\"abj4a29y\" data-element_type=\"widget\" data-e-type=\"widget\" data-settings=\"{&quot;_animation&quot;:&quot;fadeInUp&quot;}\" data-widget_type=\"text-editor.default\">\n\t\t\t\t<div class=\"elementor-widget-container\">\n\t\t\t\t\t\t\t\t\t<p>D\u00e9couvrez la puissance de la th\u00e9rapie laser de faible niveau (LLLT) chez Laser &amp; Stop.<\/p><p>Notre approche innovante cible la d\u00e9pendance au tabac, au cannabis, \u00e0 l'alcool et au sucre et vous aide \u00e0 reprendre le contr\u00f4le en une seule s\u00e9ance.<\/p><p>Faites l'exp\u00e9rience de soins personnalis\u00e9s et d'un environnement favorable \u00e0 votre r\u00e9ussite.<\/p>\t\t\t\t\t\t\t\t<\/div>\n\t\t\t\t<\/div>\n\t\t\t\t<\/div>\n\t\t\t\t\t<\/div>\n\t\t\t\t<\/div>\n\t\t\t\t<div class=\"elementor-element elementor-element-500a5d7 elementor-widget elementor-widget-image\" data-id=\"500a5d7\" data-element_type=\"widget\" data-e-type=\"widget\" data-widget_type=\"image.default\">\n\t\t\t\t<div class=\"elementor-widget-container\">\n\t\t\t\t\t\t\t\t\t\t\t\t\t\t\t<img fetchpriority=\"high\" decoding=\"async\" width=\"2560\" height=\"1703\" src=\"https:\/\/laserandstop.com\/wp-content\/uploads\/2025\/04\/SIV_5563-copy-1-scaled.jpg\" class=\"attachment-full size-full wp-image-1193\" alt=\"\" srcset=\"https:\/\/laserandstop.com\/wp-content\/uploads\/2025\/04\/SIV_5563-copy-1-scaled.jpg 2560w, https:\/\/laserandstop.com\/wp-content\/uploads\/2025\/04\/SIV_5563-copy-1-300x200.jpg 300w, https:\/\/laserandstop.com\/wp-content\/uploads\/2025\/04\/SIV_5563-copy-1-1024x681.jpg 1024w, https:\/\/laserandstop.com\/wp-content\/uploads\/2025\/04\/SIV_5563-copy-1-768x511.jpg 768w, https:\/\/laserandstop.com\/wp-content\/uploads\/2025\/04\/SIV_5563-copy-1-1536x1022.jpg 1536w, https:\/\/laserandstop.com\/wp-content\/uploads\/2025\/04\/SIV_5563-copy-1-2048x1363.jpg 2048w, https:\/\/laserandstop.com\/wp-content\/uploads\/2025\/04\/SIV_5563-copy-1-18x12.jpg 18w, https:\/\/laserandstop.com\/wp-content\/uploads\/2025\/04\/SIV_5563-copy-1-600x399.jpg 600w\" sizes=\"(max-width: 2560px) 100vw, 2560px\" \/>\t\t\t\t\t\t\t\t\t\t\t\t\t\t\t<\/div>\n\t\t\t\t<\/div>\n\t\t\t\t<\/div>\n\t\t<div class=\"elementor-element elementor-element-po07wmjn twbb_section e-con-full e-flex e-con e-parent\" data-id=\"po07wmjn\" data-element_type=\"container\" data-e-type=\"container\" id=\"detailed-services\">\n\t\t<div class=\"elementor-element elementor-element-2o12ta0j e-con-full e-flex e-con e-child\" data-id=\"2o12ta0j\" data-element_type=\"container\" data-e-type=\"container\">\n\t\t\t\t<div class=\"elementor-element elementor-element-ucgtfmn1 elementor-widget__width-initial elementor-widget-mobile__width-inherit elementor-widget-tablet__width-initial elementor-invisible elementor-widget elementor-widget-heading\" data-id=\"ucgtfmn1\" data-element_type=\"widget\" data-e-type=\"widget\" data-settings=\"{&quot;_animation&quot;:&quot;fadeInUp&quot;}\" data-widget_type=\"heading.default\">\n\t\t\t\t<div class=\"elementor-widget-container\">\n\t\t\t\t\t<h2 class=\"elementor-heading-title elementor-size-default\">D\u00e9couvrez nos options de traitement sp\u00e9cialis\u00e9<\/h2>\t\t\t\t<\/div>\n\t\t\t\t<\/div>\n\t\t\t\t<div class=\"elementor-element elementor-element-ad1unkrx elementor-widget__width-initial elementor-widget-mobile__width-inherit elementor-widget-tablet__width-initial elementor-invisible elementor-widget elementor-widget-text-editor\" data-id=\"ad1unkrx\" data-element_type=\"widget\" data-e-type=\"widget\" data-settings=\"{&quot;_animation&quot;:&quot;fadeInUp&quot;}\" data-widget_type=\"text-editor.default\">\n\t\t\t\t<div class=\"elementor-widget-container\">\n\t\t\t\t\t\t\t\t\t<p>Chez Laser &amp; Stop, nous proposons une gamme de traitements protocolaires sp\u00e9cialis\u00e9s utilisant la th\u00e9rapie laser de bas niveau pour vous aider \u00e0 surmonter les d\u00e9pendances. Nos services sont con\u00e7us pour fournir des solutions efficaces et non invasives pour les d\u00e9pendances au tabac, au cannabis, au sucre et \u00e0 l'alcool. D\u00e9couvrez comment notre approche personnalis\u00e9e peut vous aider \u00e0 retrouver un mode de vie plus sain.<\/p>\t\t\t\t\t\t\t\t<\/div>\n\t\t\t\t<\/div>\n\t\t\t\t<\/div>\n\t\t<div class=\"elementor-element elementor-element-on8vfhtk e-con-full e-flex e-con e-child\" data-id=\"on8vfhtk\" data-element_type=\"container\" data-e-type=\"container\">\n\t\t\t\t<div class=\"elementor-element elementor-element-qye6qzb3 elementor-widget__width-initial elementor-widget-mobile__width-inherit elementor-widget-tablet__width-initial twbb_cta-button-wrapper-left twbb_cta-valign-align-space_between twbb_cta-position-image-top twbb_cta-tablet-position-image-top twbb_cta-mobile-position-image-top twbb_cta-button-wrapper-left twbb_cta-button-wrapper-center twbb_cta-position-button-bottom twbb_cta-tablet-position-button-bottom twbb_cta-mobile-position-button-bottom elementor-invisible elementor-widget elementor-widget-twbb_call-to-action\" data-id=\"qye6qzb3\" data-element_type=\"widget\" data-e-type=\"widget\" data-settings=\"{&quot;_animation&quot;:&quot;fadeInUp&quot;}\" data-widget_type=\"twbb_call-to-action.default\">\n\t\t\t\t<div class=\"elementor-widget-container\">\n\t\t\t\t\t    <div  class=\"twbb_cta-wrapper\">\n                  <div class=\"twbb_cta-image-background-wrapper\">\n          <span class=\"twbb_cta-image-background-overlay\"><\/span>\n                            <div class=\"twbb_cta-image-html-tag\">\n                                            <img decoding=\"async\" src=\"https:\/\/laserandstop.com\/wp-content\/uploads\/2025\/02\/DALL\u00b7E-2025-02-09-15.38.44-A-set-of-four-simple-minimalistic-logos-with-a-red-circle-and-diagonal-bar-symbolizing-prohibition.-Each-logo-represents-a-different-item_-tobacco-a-14.jpg\"  >\n                                    <\/div>\n                    <\/div>\n        <div class=\"twbb_cta-content-wrapper\">\n    <div class=\"twbb_cta-content-inner\">\n                <h5 class=\"twbb_cta-title\">Stop Tabac<\/h5>\n                    <div class=\"twbb_cta-description\">Arr\u00eater de fumer sans effort avec la LLLT. <br>Cette m\u00e9thode s\u00fbre, indolore et efficace cible les envies et les sympt\u00f4mes de sevrage, vous aidant \u00e0 reprendre le contr\u00f4le et \u00e0 vivre une vie plus saine et sans tabac.<br><\/div>\n              <\/div>\n    <div class=\"twbb_cta-button-wrapper\">\n        <div class=\"twbb_cta-buttons\">\n                    <div class=\"twbb_cta-button-item twbb_cta-button-item__two twbb_cta-button-enable-yes\">\n          <a href=\"http:\/\/wa.me\/972533544454\" target=\"_blank\" class=\"elementor-button twbb_cta-button elementor-size- twbb_cta-button__two\"            >Commencer            <\/a>\n        <\/div>\n                  <\/div>\n    <\/div>\n  <\/div>\n        <\/div>\n\t\t\t\t<\/div>\n\t\t\t\t<\/div>\n\t\t\t\t<div class=\"elementor-element elementor-element-nx0dwv9s elementor-widget__width-initial elementor-widget-mobile__width-inherit elementor-widget-tablet__width-initial twbb_cta-button-wrapper-left twbb_cta-valign-align-space_between twbb_cta-position-image-top twbb_cta-tablet-position-image-top twbb_cta-mobile-position-image-top twbb_cta-button-wrapper-left twbb_cta-button-wrapper-center twbb_cta-position-button-bottom twbb_cta-tablet-position-button-bottom twbb_cta-mobile-position-button-bottom elementor-invisible elementor-widget elementor-widget-twbb_call-to-action\" data-id=\"nx0dwv9s\" data-element_type=\"widget\" data-e-type=\"widget\" data-settings=\"{&quot;_animation&quot;:&quot;fadeInUp&quot;}\" data-widget_type=\"twbb_call-to-action.default\">\n\t\t\t\t<div class=\"elementor-widget-container\">\n\t\t\t\t\t    <div  class=\"twbb_cta-wrapper\">\n                  <div class=\"twbb_cta-image-background-wrapper\">\n          <span class=\"twbb_cta-image-background-overlay\"><\/span>\n                            <div class=\"twbb_cta-image-html-tag\">\n                                            <img decoding=\"async\" src=\"https:\/\/laserandstop.com\/wp-content\/uploads\/2025\/02\/DALL\u00b7E-2025-02-09-15.38.44-A-set-of-four-simple-minimalistic-logos-with-a-red-circle-and-diagonal-bar-symbolizing-prohibition.-Each-logo-represents-a-different-item_-tobacco-a-12.jpg\"  >\n                                    <\/div>\n                    <\/div>\n        <div class=\"twbb_cta-content-wrapper\">\n    <div class=\"twbb_cta-content-inner\">\n                <h5 class=\"twbb_cta-title\">Stop Cannabis<\/h5>\n                    <div class=\"twbb_cta-description\"><p>Surmontez votre d\u00e9pendance au cannabis gr\u00e2ce \u00e0 la LLLT. En stimulant des points cl\u00e9s de l'oreille, ce traitement non invasif aide \u00e0 g\u00e9rer les envies et \u00e0 r\u00e9tablir votre bien-\u00eatre \u00e9motionnel, vous guidant ainsi vers un mode de vie plus sain.<span style=\"color: var( --e-global-color-text ); font-family: var( --e-global-typography-twbb_p5-font-family ), sans-serif; font-size: var( --e-global-typography-twbb_p5-font-size ); font-style: var( --e-global-typography-twbb_p5-font-style ); font-weight: var( --e-global-typography-twbb_p5-font-weight ); letter-spacing: var( --e-global-typography-twbb_p5-letter-spacing ); text-transform: var( --e-global-typography-twbb_p5-text-transform ); word-spacing: var( --e-global-typography-twbb_p5-word-spacing ); background-color: var( --e-global-color-twbb_bg_primary );\"><\/span><\/p><\/div>\n              <\/div>\n    <div class=\"twbb_cta-button-wrapper\">\n        <div class=\"twbb_cta-buttons\">\n                    <div class=\"twbb_cta-button-item twbb_cta-button-item__two twbb_cta-button-enable-yes\">\n          <a href=\"http:\/\/wa.me\/972533544454\" target=\"_blank\" class=\"elementor-button twbb_cta-button elementor-size- twbb_cta-button__two\"            >Commencer            <\/a>\n        <\/div>\n                  <\/div>\n    <\/div>\n  <\/div>\n        <\/div>\n\t\t\t\t<\/div>\n\t\t\t\t<\/div>\n\t\t\t\t<div class=\"elementor-element elementor-element-e0af8ec elementor-widget__width-initial elementor-widget-mobile__width-inherit elementor-widget-tablet__width-initial twbb_cta-button-wrapper-left twbb_cta-valign-align-space_between twbb_cta-position-image-top twbb_cta-tablet-position-image-top twbb_cta-mobile-position-image-top twbb_cta-button-wrapper-left twbb_cta-button-wrapper-center twbb_cta-position-button-bottom twbb_cta-tablet-position-button-bottom twbb_cta-mobile-position-button-bottom elementor-invisible elementor-widget elementor-widget-twbb_call-to-action\" data-id=\"e0af8ec\" data-element_type=\"widget\" data-e-type=\"widget\" data-settings=\"{&quot;_animation&quot;:&quot;fadeInUp&quot;}\" data-widget_type=\"twbb_call-to-action.default\">\n\t\t\t\t<div class=\"elementor-widget-container\">\n\t\t\t\t\t    <div  class=\"twbb_cta-wrapper\">\n                  <div class=\"twbb_cta-image-background-wrapper\">\n          <span class=\"twbb_cta-image-background-overlay\"><\/span>\n                            <div class=\"twbb_cta-image-html-tag\">\n                                            <img decoding=\"async\" src=\"https:\/\/laserandstop.com\/wp-content\/uploads\/2025\/02\/DALL\u00b7E-2025-02-09-15.38.44-A-set-of-four-simple-minimalistic-logos-with-a-red-circle-and-diagonal-bar-symbolizing-prohibition.-Each-logo-represents-a-different-item_-tobacco-a-13.jpg\"  >\n                                    <\/div>\n                    <\/div>\n        <div class=\"twbb_cta-content-wrapper\">\n    <div class=\"twbb_cta-content-inner\">\n                <h5 class=\"twbb_cta-title\">Stop Alcool<\/h5>\n                    <div class=\"twbb_cta-description\">Lib\u00e9rez-vous de votre d\u00e9pendance \u00e0 l'alcool avec l'aide de la LLLT. Ce traitement laser innovant r\u00e9duit les envies et favorise l'\u00e9quilibre \u00e9motionnel, vous aidant ainsi \u00e0 surmonter la d\u00e9pendance de mani\u00e8re naturelle et efficace.<\/div>\n              <\/div>\n    <div class=\"twbb_cta-button-wrapper\">\n        <div class=\"twbb_cta-buttons\">\n                    <div class=\"twbb_cta-button-item twbb_cta-button-item__two twbb_cta-button-enable-yes\">\n          <a href=\"http:\/\/wa.me\/972533544454\" target=\"_blank\" class=\"elementor-button twbb_cta-button elementor-size- twbb_cta-button__two\"            >Commencer            <\/a>\n        <\/div>\n                  <\/div>\n    <\/div>\n  <\/div>\n        <\/div>\n\t\t\t\t<\/div>\n\t\t\t\t<\/div>\n\t\t\t\t<div class=\"elementor-element elementor-element-3hypu8qo elementor-widget__width-initial elementor-widget-mobile__width-inherit elementor-widget-tablet__width-initial twbb_cta-button-wrapper-left twbb_cta-valign-align-space_between twbb_cta-position-image-top twbb_cta-tablet-position-image-top twbb_cta-mobile-position-image-top twbb_cta-button-wrapper-left twbb_cta-button-wrapper-center twbb_cta-position-button-bottom twbb_cta-tablet-position-button-bottom twbb_cta-mobile-position-button-bottom elementor-invisible elementor-widget elementor-widget-twbb_call-to-action\" data-id=\"3hypu8qo\" data-element_type=\"widget\" data-e-type=\"widget\" data-settings=\"{&quot;_animation&quot;:&quot;fadeInUp&quot;}\" data-widget_type=\"twbb_call-to-action.default\">\n\t\t\t\t<div class=\"elementor-widget-container\">\n\t\t\t\t\t    <div  class=\"twbb_cta-wrapper\">\n                  <div class=\"twbb_cta-image-background-wrapper\">\n          <span class=\"twbb_cta-image-background-overlay\"><\/span>\n                            <div class=\"twbb_cta-image-html-tag\">\n                                            <img decoding=\"async\" src=\"https:\/\/laserandstop.com\/wp-content\/uploads\/2025\/02\/DALL\u00b7E-2025-02-09-15.38.44-A-set-of-four-simple-minimalistic-logos-with-a-red-circle-and-diagonal-bar-symbolizing-prohibition.-Each-logo-represents-a-different-item_-tobacco-a-11.jpg\"  >\n                                    <\/div>\n                    <\/div>\n        <div class=\"twbb_cta-content-wrapper\">\n    <div class=\"twbb_cta-content-inner\">\n                <h5 class=\"twbb_cta-title\">Stop Sucre<\/h5>\n                    <div class=\"twbb_cta-description\"><div data-message-author-role=\"assistant\" data-message-id=\"8dd482cc-e741-4af1-8110-d1ba2906beea\" dir=\"auto\" data-message-model-slug=\"gpt-4o\"><p data-pm-slice=\"0 0 []\">Commencez une nouvelle vie et dites adieu aux envies de sucre gr\u00e2ce \u00e0 la LLLT. <span style=\"font-size: 14px; color: var( --e-global-color-text ); letter-spacing: var( --e-global-typography-twbb_p5-letter-spacing ); text-transform: var( --e-global-typography-twbb_p5-text-transform ); word-spacing: var( --e-global-typography-twbb_p5-word-spacing ); background-color: var( --e-global-color-twbb_bg_primary );\">Cette th\u00e9rapie laser r\u00e9volutionnaire r\u00e9duit votre d\u00e9pendance au sucre, \u00e9quilibre votre app\u00e9tit et vous aide \u00e0 adopter un mode de vie plus sain.<\/span><span style=\"color: var( --e-global-color-text ); font-family: var( --e-global-typography-twbb_p5-font-family ), sans-serif; font-size: var( --e-global-typography-twbb_p5-font-size ); font-style: var( --e-global-typography-twbb_p5-font-style ); font-weight: var( --e-global-typography-twbb_p5-font-weight ); letter-spacing: var( --e-global-typography-twbb_p5-letter-spacing ); text-transform: var( --e-global-typography-twbb_p5-text-transform ); word-spacing: var( --e-global-typography-twbb_p5-word-spacing ); background-color: var( --e-global-color-twbb_bg_primary );\"><\/span><\/p><\/div><\/div>\n              <\/div>\n    <div class=\"twbb_cta-button-wrapper\">\n        <div class=\"twbb_cta-buttons\">\n                    <div class=\"twbb_cta-button-item twbb_cta-button-item__two twbb_cta-button-enable-yes\">\n          <a href=\"http:\/\/wa.me\/972533544454\" target=\"_blank\" class=\"elementor-button twbb_cta-button elementor-size- twbb_cta-button__two\"            >Commencer            <\/a>\n        <\/div>\n                  <\/div>\n    <\/div>\n  <\/div>\n        <\/div>\n\t\t\t\t<\/div>\n\t\t\t\t<\/div>\n\t\t\t\t<\/div>\n\t\t\t\t<\/div>\n\t\t\t\t<\/div>","protected":false},"excerpt":{"rendered":"<p>Transform Your Life with LLLT Discover the power of Low-Level Laser Therapy (LLLT) at Laser &amp; Stop. Our innovative approach targets addiction to tobacco, cannabis, alcool and sugar helping you regain control with just one session. Experience personalized care and a supportive environment dedicated to your success. Explore Our Specialized Treatment Options At Laser &amp; [&hellip;]<\/p>\n","protected":false},"author":0,"featured_media":0,"parent":0,"menu_order":0,"comment_status":"closed","ping_status":"publish","template":"","meta":{"two_page_speed":[],"footnotes":""},"class_list":["post-204","page","type-page","status-publish","hentry"],"_links":{"self":[{"href":"https:\/\/laserandstop.com\/fr\/wp-json\/wp\/v2\/pages\/204","targetHints":{"allow":["GET"]}}],"collection":[{"href":"https:\/\/laserandstop.com\/fr\/wp-json\/wp\/v2\/pages"}],"about":[{"href":"https:\/\/laserandstop.com\/fr\/wp-json\/wp\/v2\/types\/page"}],"replies":[{"embeddable":true,"href":"https:\/\/laserandstop.com\/fr\/wp-json\/wp\/v2\/comments?post=204"}],"version-history":[{"count":0,"href":"https:\/\/laserandstop.com\/fr\/wp-json\/wp\/v2\/pages\/204\/revisions"}],"wp:attachment":[{"href":"https:\/\/laserandstop.com\/fr\/wp-json\/wp\/v2\/media?parent=204"}],"curies":[{"name":"wp","href":"https:\/\/api.w.org\/{rel}","templated":true}]}}